{"id":75,"date":"2024-10-13T18:06:01","date_gmt":"2024-10-13T18:06:01","guid":{"rendered":"https:\/\/tienda.fraque.net\/?post_type=product&#038;p=75"},"modified":"2025-01-03T09:39:50","modified_gmt":"2025-01-03T09:39:50","slug":"deposito-sanitario","status":"publish","type":"product","link":"https:\/\/tienda.fraque.net\/index.php\/producto\/deposito-sanitario\/","title":{"rendered":"Palet de 80 dep\u00f3sitos higi\u00e9nico completos"},"content":{"rendered":"<p>Palet de 80 dep\u00f3sitos completos con tapa<\/p>\n<p>El dep\u00f3sito higi\u00e9nico es de material de\u00a0P.P.(Polipropileno), anticorrosivo, antiinfla-<br \/>\nmable, no poroso y de reducidas dimensiones.<\/p>\n<p>Lo presentamos en color blanco, combinando por su dise\u00f1o perfectamente con todos\u00a0los ambientes. Es opaco para evitar su transparencia.<\/p>\n<p>El dep\u00f3sito higi\u00e9nico lleva en la parte superior una tapa basculante de doble hoja que\u00a0impide ver el interior. Queda hermeticamente cerrada y no precisa instalaci\u00f3n.<br \/>\n<img fetchpriority=\"high\" decoding=\"async\" class=\"alignnone size-medium wp-image-204\" src=\"https:\/\/tienda.fraque.net\/wp-content\/uploads\/2024\/10\/fraque-esq-1-604x1024-1-177x300.png\" alt=\"\" width=\"177\" height=\"300\" srcset=\"https:\/\/tienda.fraque.net\/wp-content\/uploads\/2024\/10\/fraque-esq-1-604x1024-1-177x300.png 177w, https:\/\/tienda.fraque.net\/wp-content\/uploads\/2024\/10\/fraque-esq-1-604x1024-1-600x1017.png 600w, https:\/\/tienda.fraque.net\/wp-content\/uploads\/2024\/10\/fraque-esq-1-604x1024-1.png 604w\" sizes=\"(max-width: 177px) 100vw, 177px\" \/><\/p>\n","protected":false},"excerpt":{"rendered":"<p>Palet de 80 dep\u00f3sitos completos con tapa El dep\u00f3sito higi\u00e9nico es de material de\u00a0P.P.(Polipropileno), anticorrosivo, antiinfla- mable, no poroso y de reducidas dimensiones. Lo presentamos en color blanco, combinando por su dise\u00f1o perfectamente con todos\u00a0los ambientes. Es opaco para evitar su transparencia. El dep\u00f3sito higi\u00e9nico lleva en la parte superior una tapa basculante de doble [&hellip;]<\/p>\n","protected":false},"featured_media":210,"comment_status":"open","ping_status":"closed","template":"","meta":[],"product_brand":[],"product_cat":[15],"product_tag":[],"class_list":{"0":"post-75","1":"product","2":"type-product","3":"status-publish","4":"has-post-thumbnail","6":"product_cat-sin-categorizar","8":"first","9":"instock","10":"shipping-taxable","11":"purchasable","12":"product-type-simple"},"_links":{"self":[{"href":"https:\/\/tienda.fraque.net\/index.php\/wp-json\/wp\/v2\/product\/75","targetHints":{"allow":["GET"]}}],"collection":[{"href":"https:\/\/tienda.fraque.net\/index.php\/wp-json\/wp\/v2\/product"}],"about":[{"href":"https:\/\/tienda.fraque.net\/index.php\/wp-json\/wp\/v2\/types\/product"}],"replies":[{"embeddable":true,"href":"https:\/\/tienda.fraque.net\/index.php\/wp-json\/wp\/v2\/comments?post=75"}],"wp:featuredmedia":[{"embeddable":true,"href":"https:\/\/tienda.fraque.net\/index.php\/wp-json\/wp\/v2\/media\/210"}],"wp:attachment":[{"href":"https:\/\/tienda.fraque.net\/index.php\/wp-json\/wp\/v2\/media?parent=75"}],"wp:term":[{"taxonomy":"product_brand","embeddable":true,"href":"https:\/\/tienda.fraque.net\/index.php\/wp-json\/wp\/v2\/product_brand?post=75"},{"taxonomy":"product_cat","embeddable":true,"href":"https:\/\/tienda.fraque.net\/index.php\/wp-json\/wp\/v2\/product_cat?post=75"},{"taxonomy":"product_tag","embeddable":true,"href":"https:\/\/tienda.fraque.net\/index.php\/wp-json\/wp\/v2\/product_tag?post=75"}],"curies":[{"name":"wp","href":"https:\/\/api.w.org\/{rel}","templated":true}]}}