{"id":211,"date":"2025-01-03T09:47:40","date_gmt":"2025-01-03T09:47:40","guid":{"rendered":"https:\/\/tienda.fraque.net\/?post_type=product&#038;p=211"},"modified":"2025-01-03T09:49:05","modified_gmt":"2025-01-03T09:49:05","slug":"tapa-para-depositos-higienicos","status":"publish","type":"product","link":"https:\/\/tienda.fraque.net\/index.php\/producto\/tapa-para-depositos-higienicos\/","title":{"rendered":"Tapa para dep\u00f3sitos higi\u00e9nicos"},"content":{"rendered":"<p>Tapa para dep\u00f3sitos higi\u00e9nicos Fraque<\/p>\n","protected":false},"excerpt":{"rendered":"<p>Tapa para dep\u00f3sitos higi\u00e9nicos Fraque<\/p>\n","protected":false},"featured_media":212,"comment_status":"open","ping_status":"closed","template":"","meta":[],"product_brand":[],"product_cat":[15],"product_tag":[],"class_list":{"0":"post-211","1":"product","2":"type-product","3":"status-publish","4":"has-post-thumbnail","6":"product_cat-sin-categorizar","8":"first","9":"instock","10":"shipping-taxable","11":"purchasable","12":"product-type-simple"},"_links":{"self":[{"href":"https:\/\/tienda.fraque.net\/index.php\/wp-json\/wp\/v2\/product\/211","targetHints":{"allow":["GET"]}}],"collection":[{"href":"https:\/\/tienda.fraque.net\/index.php\/wp-json\/wp\/v2\/product"}],"about":[{"href":"https:\/\/tienda.fraque.net\/index.php\/wp-json\/wp\/v2\/types\/product"}],"replies":[{"embeddable":true,"href":"https:\/\/tienda.fraque.net\/index.php\/wp-json\/wp\/v2\/comments?post=211"}],"wp:featuredmedia":[{"embeddable":true,"href":"https:\/\/tienda.fraque.net\/index.php\/wp-json\/wp\/v2\/media\/212"}],"wp:attachment":[{"href":"https:\/\/tienda.fraque.net\/index.php\/wp-json\/wp\/v2\/media?parent=211"}],"wp:term":[{"taxonomy":"product_brand","embeddable":true,"href":"https:\/\/tienda.fraque.net\/index.php\/wp-json\/wp\/v2\/product_brand?post=211"},{"taxonomy":"product_cat","embeddable":true,"href":"https:\/\/tienda.fraque.net\/index.php\/wp-json\/wp\/v2\/product_cat?post=211"},{"taxonomy":"product_tag","embeddable":true,"href":"https:\/\/tienda.fraque.net\/index.php\/wp-json\/wp\/v2\/product_tag?post=211"}],"curies":[{"name":"wp","href":"https:\/\/api.w.org\/{rel}","templated":true}]}}